{"id":478,"date":"2025-09-22T20:20:19","date_gmt":"2025-09-22T20:20:19","guid":{"rendered":"https:\/\/www.cmiri.ca\/?page_id=478"},"modified":"2025-09-22T21:02:53","modified_gmt":"2025-09-22T21:02:53","slug":"a-propos-de-nous","status":"publish","type":"page","link":"https:\/\/www.cmiri.ca\/fr\/a-propos-de-nous\/","title":{"rendered":"\u00c0 propos de nous"},"content":{"rendered":"\t\t<div data-elementor-type=\"wp-page\" data-elementor-id=\"478\" class=\"elementor elementor-478 elementor-469\">\n\t\t\t\t<div class=\"elementor-element elementor-element-08d2c3d e-con-full e-flex elementor-invisible e-con e-parent\" data-id=\"08d2c3d\" data-element_type=\"container\" data-e-type=\"container\" data-settings=\"{&quot;background_background&quot;:&quot;classic&quot;,&quot;animation&quot;:&quot;fadeIn&quot;}\">\n\t\t<div class=\"elementor-element elementor-element-ae5e93b animated-fast e-flex e-con-boxed elementor-invisible e-con e-child\" data-id=\"ae5e93b\" data-element_type=\"container\" data-e-type=\"container\" data-settings=\"{&quot;animation&quot;:&quot;fadeInUp&quot;}\">\n\t\t\t\t\t<div class=\"e-con-inner\">\n\t\t\t\t<div class=\"elementor-element elementor-element-57a6dfe elementor-widget elementor-widget-heading\" data-id=\"57a6dfe\" data-element_type=\"widget\" data-e-type=\"widget\" data-widget_type=\"heading.default\">\n\t\t\t\t\t<h2 class=\"elementor-heading-title elementor-size-default\">Institut des mat\u00e9riaux critiques et de la r\u00e9silience industrielle<\/h2>\t\t\t\t<\/div>\n\t\t\t\t<div class=\"elementor-element elementor-element-3c42c78 elementor-widget-divider--view-line elementor-widget elementor-widget-divider\" data-id=\"3c42c78\" data-element_type=\"widget\" data-e-type=\"widget\" data-widget_type=\"divider.default\">\n\t\t\t\t\t\t\t<div class=\"elementor-divider\">\n\t\t\t<span class=\"elementor-divider-separator\">\n\t\t\t\t\t\t<\/span>\n\t\t<\/div>\n\t\t\t\t\t\t<\/div>\n\t\t\t\t<div class=\"elementor-element elementor-element-b7773bb elementor-widget__width-initial elementor-widget-mobile__width-inherit elementor-widget elementor-widget-text-editor\" data-id=\"b7773bb\" data-element_type=\"widget\" data-e-type=\"widget\" data-widget_type=\"text-editor.default\">\n\t\t\t\t\t\t\t\t\t<p>Organisme ind\u00e9pendant, sans but lucratif et dirig\u00e9 par des experts, qui se consacre au renforcement de l\u2019\u00e9cosyst\u00e8me des min\u00e9raux strat\u00e9giques du Canada.<\/p>\t\t\t\t\t\t\t\t<\/div>\n\t\t\t\t\t<\/div>\n\t\t\t\t<\/div>\n\t\t\t\t<\/div>\n\t\t<div class=\"elementor-element elementor-element-9b0609f e-flex e-con-boxed e-con e-parent\" data-id=\"9b0609f\" data-element_type=\"container\" data-e-type=\"container\">\n\t\t\t\t\t<div class=\"e-con-inner\">\n\t\t\t\t<div class=\"elementor-element elementor-element-16a14cb elementor-widget elementor-widget-heading\" data-id=\"16a14cb\" data-element_type=\"widget\" data-e-type=\"widget\" data-widget_type=\"heading.default\">\n\t\t\t\t\t<h2 class=\"elementor-heading-title elementor-size-default\">\u00c0 propos de nous<\/h2>\t\t\t\t<\/div>\n\t\t\t\t<div class=\"elementor-element elementor-element-d3e3739 elementor-widget elementor-widget-text-editor\" data-id=\"d3e3739\" data-element_type=\"widget\" data-e-type=\"widget\" data-widget_type=\"text-editor.default\">\n\t\t\t\t\t\t\t\t\t<p><span style=\"font-weight: 400;\"><strong>L&rsquo;Institut des mat\u00e9riaux critiques et de la r\u00e9silience industrielle (IMCRI)<\/strong> est dirig\u00e9 par une \u00e9quipe de professionnels tr\u00e8s exp\u00e9riment\u00e9s ayant une expertise approfondie dans les mat\u00e9riaux critiques et les cha\u00eenes d&rsquo;approvisionnement technologiques qu&rsquo;ils soutiennent. <\/span><\/p><p><span style=\"font-weight: 400;\">Notre direction cumule des d\u00e9cennies d&rsquo;exp\u00e9rience dans les domaines de l&rsquo;exploitation mini\u00e8re, du traitement, de la fabrication avanc\u00e9e et de la politique internationale, ce qui nous permet de faire le lien entre l&rsquo;industrie, le gouvernement et la recherche de mani\u00e8re cr\u00e9dible et efficace. <\/span><\/p><p><span style=\"font-weight: 400;\">En combinant des connaissances techniques avec des perspectives strat\u00e9giques, le IMCRI fournit la coordination ind\u00e9pendante et les strat\u00e9gies tourn\u00e9es vers l&rsquo;avenir n\u00e9cessaires pour renforcer la position du Canada dans la transition \u00e9nerg\u00e9tique mondiale et garantir la r\u00e9silience industrielle \u00e0 long terme.<\/span><\/p>\t\t\t\t\t\t\t\t<\/div>\n\t\t\t\t\t<\/div>\n\t\t\t\t<\/div>\n\t\t<div class=\"elementor-element elementor-element-fe61180 e-con-full e-flex e-con e-parent\" data-id=\"fe61180\" data-element_type=\"container\" data-e-type=\"container\" data-settings=\"{&quot;background_background&quot;:&quot;classic&quot;}\">\n\t\t<div class=\"elementor-element elementor-element-ee01347 animated-fast e-flex e-con-boxed elementor-invisible e-con e-child\" data-id=\"ee01347\" data-element_type=\"container\" data-e-type=\"container\" data-settings=\"{&quot;animation&quot;:&quot;fadeInUp&quot;}\">\n\t\t\t\t\t<div class=\"e-con-inner\">\n\t\t\t\t<div class=\"elementor-element elementor-element-effd4ff elementor-widget elementor-widget-heading\" data-id=\"effd4ff\" data-element_type=\"widget\" data-e-type=\"widget\" data-widget_type=\"heading.default\">\n\t\t\t\t\t<h2 class=\"elementor-heading-title elementor-size-default\">Pour plus d'informations, contactez-nous<\/h2>\t\t\t\t<\/div>\n\t\t\t\t<div class=\"elementor-element elementor-element-2a28465 elementor-widget elementor-widget-image\" data-id=\"2a28465\" data-element_type=\"widget\" data-e-type=\"widget\" data-widget_type=\"image.default\">\n\t\t\t\t\t\t\t\t\t\t\t\t\t\t\t\t<a href=\"https:\/\/www.linkedin.com\/groups\/13257193\/\" target=\"_blank\">\n\t\t\t\t\t\t\t<img decoding=\"async\" width=\"169\" height=\"169\" src=\"https:\/\/www.cmiri.ca\/wp-content\/uploads\/2025\/09\/linkedIn_white.png\" class=\"attachment-large size-large wp-image-324\" alt=\"\" srcset=\"https:\/\/www.cmiri.ca\/wp-content\/uploads\/2025\/09\/linkedIn_white.png 169w, https:\/\/www.cmiri.ca\/wp-content\/uploads\/2025\/09\/linkedIn_white-150x150.png 150w\" sizes=\"(max-width: 169px) 100vw, 169px\" \/>\t\t\t\t\t\t\t\t<\/a>\n\t\t\t\t\t\t\t\t\t\t\t\t\t\t\t<\/div>\n\t\t\t\t\t<\/div>\n\t\t\t\t<\/div>\n\t\t\t\t<div class=\"elementor-element elementor-element-5c15e73 elementor-widget-divider--view-line elementor-widget elementor-widget-divider\" data-id=\"5c15e73\" data-element_type=\"widget\" data-e-type=\"widget\" data-widget_type=\"divider.default\">\n\t\t\t\t\t\t\t<div class=\"elementor-divider\">\n\t\t\t<span class=\"elementor-divider-separator\">\n\t\t\t\t\t\t<\/span>\n\t\t<\/div>\n\t\t\t\t\t\t<\/div>\n\t\t\t\t<\/div>\n\t\t\t\t<\/div>\n\t\t","protected":false},"excerpt":{"rendered":"<p>Institut des mat\u00e9riaux critiques et de la r\u00e9silience industrielle Organisme ind\u00e9pendant, sans but lucratif et dirig\u00e9 par des experts, qui se consacre au renforcement de l\u2019\u00e9cosyst\u00e8me des min\u00e9raux strat\u00e9giques du Canada. \u00c0 propos de nous L&rsquo;Institut des mat\u00e9riaux critiques et de la r\u00e9silience industrielle (IMCRI) est dirig\u00e9 par une \u00e9quipe de professionnels tr\u00e8s exp\u00e9riment\u00e9s ayant [&hellip;]<\/p>\n","protected":false},"author":1,"featured_media":0,"parent":0,"menu_order":0,"comment_status":"closed","ping_status":"closed","template":"","meta":{"footnotes":""},"class_list":["post-478","page","type-page","status-publish","hentry"],"_links":{"self":[{"href":"https:\/\/www.cmiri.ca\/fr\/wp-json\/wp\/v2\/pages\/478","targetHints":{"allow":["GET"]}}],"collection":[{"href":"https:\/\/www.cmiri.ca\/fr\/wp-json\/wp\/v2\/pages"}],"about":[{"href":"https:\/\/www.cmiri.ca\/fr\/wp-json\/wp\/v2\/types\/page"}],"author":[{"embeddable":true,"href":"https:\/\/www.cmiri.ca\/fr\/wp-json\/wp\/v2\/users\/1"}],"replies":[{"embeddable":true,"href":"https:\/\/www.cmiri.ca\/fr\/wp-json\/wp\/v2\/comments?post=478"}],"version-history":[{"count":7,"href":"https:\/\/www.cmiri.ca\/fr\/wp-json\/wp\/v2\/pages\/478\/revisions"}],"predecessor-version":[{"id":486,"href":"https:\/\/www.cmiri.ca\/fr\/wp-json\/wp\/v2\/pages\/478\/revisions\/486"}],"wp:attachment":[{"href":"https:\/\/www.cmiri.ca\/fr\/wp-json\/wp\/v2\/media?parent=478"}],"curies":[{"name":"wp","href":"https:\/\/api.w.org\/{rel}","templated":true}]}}